{"id":2488,"date":"2023-11-08T12:22:23","date_gmt":"2023-11-08T12:22:23","guid":{"rendered":"https:\/\/utcal.com.br\/novo\/?page_id=2488"},"modified":"2024-01-18T11:29:14","modified_gmt":"2024-01-18T11:29:14","slug":"diretoria-executiva","status":"publish","type":"page","link":"https:\/\/utcal.com.br\/novo\/diretoria-executiva\/","title":{"rendered":"Diretoria Executiva"},"content":{"rendered":"<p><div class=\"fusion-fullwidth fullwidth-box fusion-builder-row-1 fusion-flex-container has-pattern-background has-mask-background nonhundred-percent-fullwidth non-hundred-percent-height-scrolling\" style=\"--awb-background-position:left top;--awb-border-sizes-top:0px;--awb-border-sizes-bottom:0px;--awb-border-sizes-left:0px;--awb-border-sizes-right:0px;--awb-border-radius-top-left:0px;--awb-border-radius-top-right:0px;--awb-border-radius-bottom-right:0px;--awb-border-radius-bottom-left:0px;--awb-padding-top:130px;--awb-padding-bottom:130px;--awb-padding-top-medium:90px;--awb-padding-bottom-medium:90px;--awb-margin-bottom-medium:0px;--awb-background-color:hsla(var(--awb-color1-h),var(--awb-color1-s),calc(var(--awb-color1-l) + 37%),var(--awb-color1-a));--awb-flex-wrap:wrap;\" ><div class=\"fusion-builder-row fusion-row fusion-flex-align-items-stretch fusion-flex-justify-content-center fusion-flex-content-wrap\" style=\"max-width:calc( 1200px + 70px );margin-left: calc(-70px \/ 2 );margin-right: calc(-70px \/ 2 );\"><div class=\"fusion-layout-column fusion_builder_column fusion-builder-column-0 fusion_builder_column_1_2 1_2 fusion-flex-column fusion-animated\" style=\"--awb-padding-top-small:30px;--awb-padding-right-small:30px;--awb-padding-bottom-small:30px;--awb-padding-left-small:30px;--awb-bg-color:var(--awb-color1);--awb-bg-color-hover:var(--awb-color1);--awb-bg-size:cover;--awb-border-color:var(--awb-color3);--awb-border-style:solid;--awb-transform:scaleX(1) scaleY(1);--awb-transform-hover:scaleX(1.02) scaleY(1.02);--awb-width-large:50%;--awb-margin-top-large:0px;--awb-spacing-right-large:35px;--awb-margin-bottom-large:0px;--awb-spacing-left-large:35px;--awb-width-medium:50%;--awb-order-medium:0;--awb-spacing-right-medium:20px;--awb-spacing-left-medium:35px;--awb-width-small:100%;--awb-order-small:0;--awb-margin-top-small:16px;--awb-spacing-right-small:35px;--awb-margin-bottom-small:16px;--awb-spacing-left-small:35px;\" data-animationType=\"fadeInUp\" data-animationDuration=\"0.8\" data-animationOffset=\"top-into-view\" data-scroll-devices=\"small-visibility,medium-visibility,large-visibility\"><div class=\"fusion-column-wrapper fusion-column-has-shadow fusion-flex-justify-content-flex-start fusion-content-layout-column\"><div class=\"fusion-image-element \" style=\"--awb-aspect-ratio: 100 \/ 64;--awb-object-position:32% 43%;--awb-margin-bottom:30px;--awb-caption-title-font-family:var(--h2_typography-font-family);--awb-caption-title-font-weight:var(--h2_typography-font-weight);--awb-caption-title-font-style:var(--h2_typography-font-style);--awb-caption-title-size:var(--h2_typography-font-size);--awb-caption-title-transform:var(--h2_typography-text-transform);--awb-caption-title-line-height:var(--h2_typography-line-height);--awb-caption-title-letter-spacing:var(--h2_typography-letter-spacing);\"><span class=\" fusion-imageframe imageframe-none imageframe-1 hover-type-zoomin has-aspect-ratio\" style=\"border-radius:4px;\"><img decoding=\"async\" width=\"600\" height=\"450\" alt=\"Dymitr Wajsman\" title=\"Dymitr Wajsman\" src=\"https:\/\/utcal.com.br\/novo\/wp-content\/uploads\/2024\/01\/dymitr-600x450-5.jpg\" data-orig-src=\"https:\/\/utcal.com.br\/novo\/wp-content\/uploads\/2024\/01\/dymitr-600x450-5.jpg\" class=\"lazyload img-responsive wp-image-2919 img-with-aspect-ratio\" srcset=\"data:image\/svg+xml,%3Csvg%20xmlns%3D%27http%3A%2F%2Fwww.w3.org%2F2000%2Fsvg%27%20width%3D%27600%27%20height%3D%27450%27%20viewBox%3D%270%200%20600%20450%27%3E%3Crect%20width%3D%27600%27%20height%3D%27450%27%20fill-opacity%3D%220%22%2F%3E%3C%2Fsvg%3E\" data-srcset=\"https:\/\/utcal.com.br\/novo\/wp-content\/uploads\/2024\/01\/dymitr-600x450-5-200x150.jpg 200w, https:\/\/utcal.com.br\/novo\/wp-content\/uploads\/2024\/01\/dymitr-600x450-5-400x300.jpg 400w, https:\/\/utcal.com.br\/novo\/wp-content\/uploads\/2024\/01\/dymitr-600x450-5.jpg 600w\" data-sizes=\"auto\" data-orig-sizes=\"(max-width: 700px) 100vw, 600px\" \/><\/span><\/div><div class=\"fusion-title title fusion-title-1 fusion-sep-none fusion-title-center fusion-title-text fusion-title-size-five\" style=\"--awb-margin-right:40px;--awb-margin-left:40px;\"><h5 class=\"fusion-title-heading title-heading-center\" style=\"margin:0;\">Dymitr Wajsman<\/h5><\/div><div class=\"fusion-title title fusion-title-2 fusion-sep-none fusion-title-center fusion-title-text fusion-title-size-paragraph\" style=\"--awb-margin-top:0px;--awb-margin-right:40px;--awb-margin-left:40px;\"><p class=\"fusion-title-heading title-heading-center title-heading-tag\" style=\"margin:0;\"><em>Presidente<\/em><\/p><\/div><div class=\"fusion-text fusion-text-1 fusion-text-no-margin\" style=\"--awb-content-alignment:center;--awb-text-color:hsla(var(--awb-color8-h),var(--awb-color8-s),var(--awb-color8-l),calc(var(--awb-color8-a) - 20%));--awb-margin-right:50px;--awb-margin-bottom:45px;--awb-margin-left:50px;\"><p>Phone: +55 21 2147-0600<br \/>\nMobile: +55 21 99882-9051<br \/>\nEmail: <a href=\"mailto:dymitr.wajsman@utcal.com.br\">dymitr.wajsman@utcal.com.br<\/a><\/p>\n<\/div><div class=\"fusion-separator fusion-full-width-sep\" style=\"align-self: center;margin-left: auto;margin-right: auto;flex-grow:1;width:100%;\"><\/div><div style=\"text-align:center;\"><a class=\"fusion-button button-flat fusion-button-default-size button-default fusion-button-default button-1 fusion-button-default-span fusion-button-default-type\" style=\"--button-border-radius-top-left:8px;--button-border-radius-top-right:8px;--button-border-radius-bottom-right:8px;--button-border-radius-bottom-left:8px;--button_text_transform:var(--awb-typography3-text-transform);--button_font_size:var(--awb-typography3-font-size);--button_line_height:var(--awb-typography3-line-height);--button_typography-letter-spacing:var(--awb-typography3-letter-spacing);--button_typography-font-family:var(--awb-typography3-font-family);--button_typography-font-weight:var(--awb-typography3-font-weight);--button_typography-font-style:var(--awb-typography3-font-style);\" target=\"_blank\" rel=\"noopener noreferrer\" href=\"https:\/\/br.linkedin.com\/in\/dymitr-wajsman-48326b\"><span class=\"fusion-button-text\">LinkedIn<\/span><i class=\"corporation-arrow-right button-icon-right\" aria-hidden=\"true\"><\/i><\/a><\/div><\/div><\/div><div class=\"fusion-layout-column fusion_builder_column fusion-builder-column-1 fusion_builder_column_1_2 1_2 fusion-flex-column fusion-animated\" style=\"--awb-padding-top-small:30px;--awb-padding-right-small:30px;--awb-padding-bottom-small:30px;--awb-padding-left-small:30px;--awb-bg-color:var(--awb-color1);--awb-bg-color-hover:var(--awb-color1);--awb-bg-size:cover;--awb-border-color:var(--awb-color3);--awb-border-style:solid;--awb-transform:scaleX(1) scaleY(1);--awb-transform-hover:scaleX(1.02) scaleY(1.02);--awb-width-large:50%;--awb-margin-top-large:0px;--awb-spacing-right-large:35px;--awb-margin-bottom-large:0px;--awb-spacing-left-large:35px;--awb-width-medium:50%;--awb-order-medium:0;--awb-spacing-right-medium:20px;--awb-spacing-left-medium:20px;--awb-width-small:100%;--awb-order-small:0;--awb-margin-top-small:16px;--awb-spacing-right-small:35px;--awb-margin-bottom-small:16px;--awb-spacing-left-small:35px;\" data-animationType=\"fadeInUp\" data-animationDuration=\"0.8\" data-animationOffset=\"top-into-view\" data-scroll-devices=\"small-visibility,medium-visibility,large-visibility\"><div class=\"fusion-column-wrapper fusion-column-has-shadow fusion-flex-justify-content-flex-start fusion-content-layout-column\"><div class=\"fusion-image-element \" style=\"--awb-aspect-ratio: 100 \/ 64;--awb-margin-bottom:30px;--awb-caption-title-font-family:var(--h2_typography-font-family);--awb-caption-title-font-weight:var(--h2_typography-font-weight);--awb-caption-title-font-style:var(--h2_typography-font-style);--awb-caption-title-size:var(--h2_typography-font-size);--awb-caption-title-transform:var(--h2_typography-text-transform);--awb-caption-title-line-height:var(--h2_typography-line-height);--awb-caption-title-letter-spacing:var(--h2_typography-letter-spacing);\"><span class=\" fusion-imageframe imageframe-none imageframe-2 hover-type-zoomin has-aspect-ratio\" style=\"border-radius:4px;\"><img decoding=\"async\" width=\"1000\" height=\"750\" alt=\"Ronaldo Santarem\" title=\"Ronaldo Santarem\" src=\"https:\/\/utcal.com.br\/novo\/wp-content\/uploads\/2024\/01\/Ronaldo-Santarem.jpg\" data-orig-src=\"https:\/\/utcal.com.br\/novo\/wp-content\/uploads\/2024\/01\/Ronaldo-Santarem.jpg\" class=\"lazyload img-responsive wp-image-2768 img-with-aspect-ratio\" srcset=\"data:image\/svg+xml,%3Csvg%20xmlns%3D%27http%3A%2F%2Fwww.w3.org%2F2000%2Fsvg%27%20width%3D%271000%27%20height%3D%27750%27%20viewBox%3D%270%200%201000%20750%27%3E%3Crect%20width%3D%271000%27%20height%3D%27750%27%20fill-opacity%3D%220%22%2F%3E%3C%2Fsvg%3E\" data-srcset=\"https:\/\/utcal.com.br\/novo\/wp-content\/uploads\/2024\/01\/Ronaldo-Santarem-200x150.jpg 200w, https:\/\/utcal.com.br\/novo\/wp-content\/uploads\/2024\/01\/Ronaldo-Santarem-400x300.jpg 400w, https:\/\/utcal.com.br\/novo\/wp-content\/uploads\/2024\/01\/Ronaldo-Santarem-600x450.jpg 600w, https:\/\/utcal.com.br\/novo\/wp-content\/uploads\/2024\/01\/Ronaldo-Santarem-800x600.jpg 800w, https:\/\/utcal.com.br\/novo\/wp-content\/uploads\/2024\/01\/Ronaldo-Santarem.jpg 1000w\" data-sizes=\"auto\" data-orig-sizes=\"(max-width: 700px) 100vw, 600px\" \/><\/span><\/div><div class=\"fusion-title title fusion-title-3 fusion-sep-none fusion-title-center fusion-title-text fusion-title-size-five\" style=\"--awb-margin-right:40px;--awb-margin-left:40px;\"><h5 class=\"fusion-title-heading title-heading-center\" style=\"margin:0;\">Ronaldo Santarem<\/h5><\/div><div class=\"fusion-title title fusion-title-4 fusion-sep-none fusion-title-center fusion-title-text fusion-title-size-paragraph\" style=\"--awb-margin-top:0px;--awb-margin-right:40px;--awb-margin-left:40px;\"><p class=\"fusion-title-heading title-heading-center title-heading-tag\" style=\"margin:0;\"><em>Vice Presidente<\/em><\/p><\/div><div class=\"fusion-text fusion-text-2 fusion-text-no-margin\" style=\"--awb-content-alignment:center;--awb-text-color:hsla(var(--awb-color8-h),var(--awb-color8-s),var(--awb-color8-l),calc(var(--awb-color8-a) - 20%));--awb-margin-right:50px;--awb-margin-bottom:45px;--awb-margin-left:50px;\"><p>Phone: +55 21 2147-0600<br \/>\nMobile: +55 21 98145-4202<br \/>\nEmail: <a href=\"mailto:ronaldo.santarem@utcal.com.br\">ronaldo.santarem@utcal.com.br<\/a><\/p>\n<\/div><div class=\"fusion-separator fusion-full-width-sep\" style=\"align-self: center;margin-left: auto;margin-right: auto;flex-grow:1;width:100%;\"><\/div><div style=\"text-align:center;\"><a class=\"fusion-button button-flat fusion-button-default-size button-default fusion-button-default button-2 fusion-button-default-span fusion-button-default-type\" style=\"--button-border-radius-top-left:8px;--button-border-radius-top-right:8px;--button-border-radius-bottom-right:8px;--button-border-radius-bottom-left:8px;--button_text_transform:var(--awb-typography3-text-transform);--button_font_size:var(--awb-typography3-font-size);--button_line_height:var(--awb-typography3-line-height);--button_typography-letter-spacing:var(--awb-typography3-letter-spacing);--button_typography-font-family:var(--awb-typography3-font-family);--button_typography-font-weight:var(--awb-typography3-font-weight);--button_typography-font-style:var(--awb-typography3-font-style);\" target=\"_blank\" rel=\"noopener noreferrer\" href=\"https:\/\/br.linkedin.com\/in\/ronaldo-santarem-a86b5b27\"><span class=\"fusion-button-text\">LinkedIn<\/span><i class=\"corporation-arrow-right button-icon-right\" aria-hidden=\"true\"><\/i><\/a><\/div><\/div><\/div><\/div><\/div><div class=\"fusion-fullwidth fullwidth-box fusion-builder-row-2 fusion-flex-container has-pattern-background has-mask-background nonhundred-percent-fullwidth non-hundred-percent-height-scrolling\" style=\"--link_hover_color: var(--awb-color5);--link_color: var(--awb-color5);--awb-background-position:right top;--awb-background-blend-mode:overlay;--awb-border-color:var(--awb-color1);--awb-border-radius-top-left:0px;--awb-border-radius-top-right:0px;--awb-border-radius-bottom-right:0px;--awb-border-radius-bottom-left:0px;--awb-padding-top:90px;--awb-padding-bottom:90px;--awb-padding-top-medium:70px;--awb-padding-bottom-medium:70px;--awb-padding-top-small:102px;--awb-padding-right-small:40px;--awb-padding-bottom-small:46px;--awb-padding-left-small:40px;--awb-margin-bottom-medium:0px;--awb-background-image:linear-gradient(152deg, hsla(var(--awb-color2-h),calc(var(--awb-color2-s) + 100%),var(--awb-color2-l),var(--awb-color2-a)) 0%,hsla(var(--awb-color4-h),calc(var(--awb-color4-s) + 30%),calc(var(--awb-color4-l) + 11%),var(--awb-color4-a)) 70%);--awb-flex-wrap:wrap;\" ><div class=\"fusion-builder-row fusion-row fusion-flex-align-items-center fusion-flex-justify-content-center fusion-flex-content-wrap\" style=\"max-width:1248px;margin-left: calc(-4% \/ 2 );margin-right: calc(-4% \/ 2 );\"><div class=\"fusion-layout-column fusion_builder_column fusion-builder-column-2 fusion_builder_column_1_2 1_2 fusion-flex-column fusion-animated\" style=\"--awb-bg-size:cover;--awb-width-large:50%;--awb-margin-top-large:0px;--awb-spacing-right-large:72px;--awb-margin-bottom-large:0px;--awb-spacing-left-large:3.84%;--awb-width-medium:40%;--awb-order-medium:0;--awb-spacing-right-medium:70px;--awb-spacing-left-medium:4.8%;--awb-width-small:100%;--awb-order-small:0;--awb-spacing-right-small:1.92%;--awb-spacing-left-small:1.92%;\" data-animationType=\"fadeIn\" data-animationDuration=\"1.3\" data-animationOffset=\"top-into-view\"><div class=\"fusion-column-wrapper fusion-column-has-shadow fusion-flex-justify-content-flex-start fusion-content-layout-column\"><div class=\"fusion-image-element \" style=\"--awb-aspect-ratio: 100 \/ 85;--awb-object-position:37% 53%;--awb-margin-bottom-small:50px;--awb-caption-title-font-family:var(--h2_typography-font-family);--awb-caption-title-font-weight:var(--h2_typography-font-weight);--awb-caption-title-font-style:var(--h2_typography-font-style);--awb-caption-title-size:var(--h2_typography-font-size);--awb-caption-title-transform:var(--h2_typography-text-transform);--awb-caption-title-line-height:var(--h2_typography-line-height);--awb-caption-title-letter-spacing:var(--h2_typography-letter-spacing);\"><span class=\" fusion-imageframe imageframe-none imageframe-3 hover-type-none has-aspect-ratio fusion-animated\" style=\"--awb-animation-color:var(--awb-color4);\" data-animationType=\"revealInLeft\" data-animationDuration=\"1.3\" data-animationOffset=\"top-into-view\"><img decoding=\"async\" width=\"1024\" height=\"684\" title=\"business-partners-shaking-hands-2021-08-30-02-12-08-utc\" src=\"https:\/\/utcal.com.br\/novo\/wp-content\/uploads\/2023\/11\/business-partners-shaking-hands-2021-08-30-02-12-08-utc.jpg\" data-orig-src=\"https:\/\/utcal.com.br\/novo\/wp-content\/uploads\/2023\/11\/business-partners-shaking-hands-2021-08-30-02-12-08-utc-1024x684.jpg\" class=\"lazyload img-responsive wp-image-2358 img-with-aspect-ratio\" alt srcset=\"data:image\/svg+xml,%3Csvg%20xmlns%3D%27http%3A%2F%2Fwww.w3.org%2F2000%2Fsvg%27%20width%3D%271920%27%20height%3D%271282%27%20viewBox%3D%270%200%201920%201282%27%3E%3Crect%20width%3D%271920%27%20height%3D%271282%27%20fill-opacity%3D%220%22%2F%3E%3C%2Fsvg%3E\" data-srcset=\"https:\/\/utcal.com.br\/novo\/wp-content\/uploads\/2023\/11\/business-partners-shaking-hands-2021-08-30-02-12-08-utc-200x134.jpg 200w, https:\/\/utcal.com.br\/novo\/wp-content\/uploads\/2023\/11\/business-partners-shaking-hands-2021-08-30-02-12-08-utc-400x267.jpg 400w, https:\/\/utcal.com.br\/novo\/wp-content\/uploads\/2023\/11\/business-partners-shaking-hands-2021-08-30-02-12-08-utc-600x401.jpg 600w, https:\/\/utcal.com.br\/novo\/wp-content\/uploads\/2023\/11\/business-partners-shaking-hands-2021-08-30-02-12-08-utc-800x534.jpg 800w, https:\/\/utcal.com.br\/novo\/wp-content\/uploads\/2023\/11\/business-partners-shaking-hands-2021-08-30-02-12-08-utc-1200x801.jpg 1200w, https:\/\/utcal.com.br\/novo\/wp-content\/uploads\/2023\/11\/business-partners-shaking-hands-2021-08-30-02-12-08-utc.jpg 1920w\" data-sizes=\"auto\" data-orig-sizes=\"(max-width: 700px) 100vw, 600px\" \/><\/span><\/div><\/div><\/div><div class=\"fusion-layout-column fusion_builder_column fusion-builder-column-3 fusion-flex-column fusion-animated\" style=\"--awb-padding-bottom-medium:0px;--awb-bg-size:cover;--awb-width-large:50%;--awb-margin-top-large:0px;--awb-spacing-right-large:3.84%;--awb-margin-bottom-large:9px;--awb-spacing-left-large:55px;--awb-width-medium:60%;--awb-order-medium:0;--awb-spacing-right-medium:3.2%;--awb-spacing-left-medium:20px;--awb-width-small:100%;--awb-order-small:0;--awb-spacing-right-small:1.92%;--awb-spacing-left-small:20px;\" data-animationType=\"fadeInRight\" data-animationDuration=\"1.3\" data-animationOffset=\"top-into-view\"><div class=\"fusion-column-wrapper fusion-column-has-shadow fusion-flex-justify-content-flex-start fusion-content-layout-column\"><div class=\"fusion-title title fusion-title-5 fusion-sep-none fusion-title-text fusion-title-size-two\" style=\"--awb-margin-top:20px;--awb-margin-bottom:30px;\"><h2 class=\"fusion-title-heading title-heading-left\" style=\"margin:0;\">Torne-se um membro<\/h2><\/div><div class=\"fusion-text fusion-text-3 fusion-text-no-margin\" style=\"--awb-margin-bottom:50px;\"><p>Associe-se \u00e0 UTC Am\u00e9rica Latina para acesso exclusivo a benef\u00edcios, incluindo uso gratuito do mailing list anual, descontos em eventos e conex\u00f5es com especialistas em energia, \u00e1gua e g\u00e1s.<\/p>\n<\/div><div ><a class=\"fusion-button button-flat fusion-button-default-size button-default fusion-button-default button-3 fusion-button-default-span \" style=\"--button_bevel_color:var(--awb-color4);--button_bevel_color_hover:var(--awb-color4);--button_padding-top:18px;--button_padding-right:40px;--button_padding-bottom:18px;--button_padding-left:40px;\" target=\"_self\" data-hover=\"text_slide_up\" href=\"https:\/\/utcal.com.br\/novo\/contato\/\"><div class=\"awb-button-text-transition\"><span class=\"fusion-button-text\">Associe-se aqui<\/span><span class=\"fusion-button-text\">Associe-se aqui<\/span><\/div><\/a><\/div><\/div><\/div><\/div><\/div><\/p>\n","protected":false},"excerpt":{"rendered":"","protected":false},"author":1,"featured_media":0,"parent":0,"menu_order":0,"comment_status":"closed","ping_status":"closed","template":"100-width.php","meta":{"footnotes":"","_links_to":"","_links_to_target":""},"_links":{"self":[{"href":"https:\/\/utcal.com.br\/novo\/wp-json\/wp\/v2\/pages\/2488"}],"collection":[{"href":"https:\/\/utcal.com.br\/novo\/wp-json\/wp\/v2\/pages"}],"about":[{"href":"https:\/\/utcal.com.br\/novo\/wp-json\/wp\/v2\/types\/page"}],"author":[{"embeddable":true,"href":"https:\/\/utcal.com.br\/novo\/wp-json\/wp\/v2\/users\/1"}],"replies":[{"embeddable":true,"href":"https:\/\/utcal.com.br\/novo\/wp-json\/wp\/v2\/comments?post=2488"}],"version-history":[{"count":13,"href":"https:\/\/utcal.com.br\/novo\/wp-json\/wp\/v2\/pages\/2488\/revisions"}],"predecessor-version":[{"id":2920,"href":"https:\/\/utcal.com.br\/novo\/wp-json\/wp\/v2\/pages\/2488\/revisions\/2920"}],"wp:attachment":[{"href":"https:\/\/utcal.com.br\/novo\/wp-json\/wp\/v2\/media?parent=2488"}],"curies":[{"name":"wp","href":"https:\/\/api.w.org\/{rel}","templated":true}]}}