{"id":2741,"date":"2023-11-14T17:58:53","date_gmt":"2023-11-14T17:58:53","guid":{"rendered":"https:\/\/utcal.com.br\/novo\/?page_id=2741"},"modified":"2023-11-14T18:00:37","modified_gmt":"2023-11-14T18:00:37","slug":"seminarios","status":"publish","type":"page","link":"https:\/\/utcal.com.br\/novo\/seminarios\/","title":{"rendered":"Semin\u00e1rios"},"content":{"rendered":"<div id=\"team\" class=\"fusion-container-anchor\"><div class=\"fusion-fullwidth fullwidth-box fusion-builder-row-1 fusion-flex-container has-pattern-background has-mask-background nonhundred-percent-fullwidth non-hundred-percent-height-scrolling\" style=\"--link_hover_color: var(--awb-color4);--link_color: var(--awb-color5);--awb-background-position:left top;--awb-border-sizes-top:0px;--awb-border-sizes-bottom:0px;--awb-border-sizes-left:0px;--awb-border-sizes-right:0px;--awb-border-radius-top-left:0px;--awb-border-radius-top-right:0px;--awb-border-radius-bottom-right:0px;--awb-border-radius-bottom-left:0px;--awb-padding-top:110px;--awb-padding-bottom:130px;--awb-padding-top-medium:90px;--awb-padding-bottom-medium:90px;--awb-margin-bottom-medium:0px;--awb-background-color:var(--awb-color1);--awb-flex-wrap:wrap;\" ><div class=\"fusion-builder-row fusion-row fusion-flex-align-items-flex-start fusion-flex-justify-content-center fusion-flex-content-wrap\" style=\"max-width:calc( 1200px + 80px );margin-left: calc(-80px \/ 2 );margin-right: calc(-80px \/ 2 );\"><div class=\"fusion-layout-column fusion_builder_column fusion-builder-column-0 fusion_builder_column_1_1 1_1 fusion-flex-column\" style=\"--awb-bg-size:cover;--awb-width-large:100%;--awb-margin-top-large:0px;--awb-spacing-right-large:40px;--awb-margin-bottom-large:0px;--awb-spacing-left-large:40px;--awb-width-medium:60%;--awb-order-medium:0;--awb-spacing-right-medium:40px;--awb-spacing-left-medium:40px;--awb-width-small:100%;--awb-order-small:0;--awb-spacing-right-small:40px;--awb-margin-bottom-small:50px;--awb-spacing-left-small:40px;\"><div class=\"fusion-column-wrapper fusion-column-has-shadow fusion-flex-justify-content-flex-start fusion-content-layout-column\"><div class=\"fusion-post-cards fusion-post-cards-1 fusion-delayed-animation fusion-grid-archive fusion-grid-columns-2\" style=\"--awb-column-spacing:90px;--awb-dots-align:center;--awb-columns:2;--awb-active-filter-border-size:3px;--awb-filters-height:36px;--awb-row-spacing:90px;\" data-animationType=\"fadeInUp\" data-animationDuration=\"0.8\" data-animationOffset=\"top-into-view\" data-animation-delay=\"0.3\"><ul class=\"fusion-grid fusion-grid-2 fusion-flex-align-items-flex-start fusion-grid-posts-cards\"><li class=\"fusion-layout-column fusion_builder_column fusion-builder-column-1 fusion-flex-column fusion-column-inner-bg-wrapper post-card fusion-grid-column fusion-post-cards-grid-column fusion-animated\" style=\"--awb-inner-bg-size:cover;--awb-border-color:var(--awb-color7);--awb-border-style:solid;--awb-transform:translateY(0px);--awb-transform-hover:translateY(-6px);\"><span class=\"fusion-column-inner-bg hover-type-none\"><a class=\"fusion-column-anchor\" href=\"https:\/\/utcal.com.br\/seminariotransformacaodigital\/\"><span class=\"fusion-column-inner-bg-image\"><\/span><\/a><\/span><div class=\"fusion-column-wrapper fusion-column-has-shadow fusion-flex-justify-content-flex-start fusion-content-layout-column\"><div class=\"fusion-classic-product-image-wrapper fusion-woo-product-image fusion-post-card-image fusion-post-card-image-1 product-images has-aspect-ratio\" data-layout=\"crossfade\" style=\"--awb-margin-bottom:20px;--awb-aspect-ratio:16 \/ 9;\"><a href=\"https:\/\/utcal.com.br\/seminariotransformacaodigital\/\" title=\"UTCAL Semin\u00e1rio de Transforma\u00e7\u00e3o Digital nas Utilities\" target=\"_blank\"><div class=\"featured-image\">\n\t\t<img decoding=\"async\" width=\"1372\" height=\"772\" src=\"https:\/\/utcal.com.br\/novo\/wp-content\/uploads\/2022\/08\/Card-eventos-utcal-Seminario-utilities.jpg\" class=\"attachment-full size-full lazyload wp-post-image\" alt=\"\" srcset=\"data:image\/svg+xml,%3Csvg%20xmlns%3D%27http%3A%2F%2Fwww.w3.org%2F2000%2Fsvg%27%20width%3D%271372%27%20height%3D%27772%27%20viewBox%3D%270%200%201372%20772%27%3E%3Crect%20width%3D%271372%27%20height%3D%27772%27%20fill-opacity%3D%220%22%2F%3E%3C%2Fsvg%3E\" data-orig-src=\"https:\/\/utcal.com.br\/novo\/wp-content\/uploads\/2022\/08\/Card-eventos-utcal-Seminario-utilities.jpg\" data-srcset=\"https:\/\/utcal.com.br\/novo\/wp-content\/uploads\/2022\/08\/Card-eventos-utcal-Seminario-utilities-200x113.jpg 200w, https:\/\/utcal.com.br\/novo\/wp-content\/uploads\/2022\/08\/Card-eventos-utcal-Seminario-utilities-400x225.jpg 400w, https:\/\/utcal.com.br\/novo\/wp-content\/uploads\/2022\/08\/Card-eventos-utcal-Seminario-utilities-600x338.jpg 600w, https:\/\/utcal.com.br\/novo\/wp-content\/uploads\/2022\/08\/Card-eventos-utcal-Seminario-utilities-800x450.jpg 800w, https:\/\/utcal.com.br\/novo\/wp-content\/uploads\/2022\/08\/Card-eventos-utcal-Seminario-utilities-1200x675.jpg 1200w, https:\/\/utcal.com.br\/novo\/wp-content\/uploads\/2022\/08\/Card-eventos-utcal-Seminario-utilities.jpg 1372w\" data-sizes=\"auto\" \/>\n\t<\/div>\n<\/a><\/div><div class=\"fusion-text fusion-text-1 fusion-text-no-margin\" style=\"--awb-font-size:var(--awb-typography5-font-size);--awb-line-height:var(--awb-typography5-line-height);--awb-letter-spacing:var(--awb-typography5-letter-spacing);--awb-text-transform:var(--awb-typography5-text-transform);--awb-text-color:var(--awb-color8);--awb-margin-bottom:12px;--awb-text-font-family:var(--awb-typography5-font-family);--awb-text-font-weight:var(--awb-typography5-font-weight);--awb-text-font-style:var(--awb-typography5-font-style);\"><p><a href=\"https:\/\/utcal.com.br\/novo\/category\/seminarios\/\" title=\"Semin\u00e1rios\">Semin\u00e1rios<\/a><\/p>\n<\/div><div class=\"fusion-title title fusion-title-1 fusion-sep-none fusion-title-text fusion-title-size-six\" style=\"--awb-margin-top:0px;--awb-margin-bottom:16px;--awb-margin-top-small:0px;--awb-margin-bottom-small:16px;--awb-link-color:var(--awb-color8);\"><h6 class=\"fusion-title-heading title-heading-left\" style=\"margin:0;line-height:1.4;\"><a href=\"https:\/\/utcal.com.br\/seminariotransformacaodigital\/\" class=\"awb-custom-text-color awb-custom-text-hover-color\" target=\"_self\">UTCAL Semin\u00e1rio de Transforma\u00e7\u00e3o Digital nas Utilities<\/a><\/h6><\/div><div ><a class=\"fusion-button button-flat fusion-button-default-size button-custom fusion-button-default button-1 fusion-button-default-span fusion-button-default-type\" style=\"--button_accent_color:var(--awb-color8);--button_border_color:var(--awb-color5);--button_accent_hover_color:var(--awb-color5);--button_border_hover_color:var(--awb-color4);--button_border_width-top:0px;--button_border_width-right:0px;--button_border_width-bottom:2px;--button_border_width-left:0px;--button-border-radius-top-left:0px;--button-border-radius-top-right:0px;--button-border-radius-bottom-right:0px;--button-border-radius-bottom-left:0px;--button_gradient_top_color:hsla(var(--awb-color1-h),var(--awb-color1-s),var(--awb-color1-l),calc(var(--awb-color1-a) - 100%));--button_gradient_bottom_color:hsla(var(--awb-color1-h),var(--awb-color1-s),var(--awb-color1-l),calc(var(--awb-color1-a) - 100%));--button_gradient_top_color_hover:hsla(var(--awb-color1-h),var(--awb-color1-s),var(--awb-color1-l),calc(var(--awb-color1-a) - 100%));--button_gradient_bottom_color_hover:hsla(var(--awb-color1-h),var(--awb-color1-s),var(--awb-color1-l),calc(var(--awb-color1-a) - 100%));--button_text_transform:var(--awb-typography3-text-transform);--button_font_size:var(--awb-typography3-font-size);--button_line_height:var(--awb-typography3-line-height);--button_padding-top:0px;--button_padding-right:1px;--button_padding-bottom:3px;--button_padding-left:1px;--button_typography-letter-spacing:var(--awb-typography3-letter-spacing);--button_typography-font-family:var(--awb-typography3-font-family);--button_typography-font-weight:var(--awb-typography3-font-weight);--button_typography-font-style:var(--awb-typography3-font-style);\" target=\"_self\" href=\"https:\/\/utcal.com.br\/seminariotransformacaodigital\/\"><span class=\"fusion-button-text\">Leia mais<\/span><i class=\"energy-arrow button-icon-right\" aria-hidden=\"true\"><\/i><\/a><\/div><\/div><\/li>\n<\/ul><\/div><\/div><\/div><\/div><\/div><\/div>\n","protected":false},"excerpt":{"rendered":"","protected":false},"author":1,"featured_media":0,"parent":0,"menu_order":0,"comment_status":"closed","ping_status":"closed","template":"100-width.php","meta":{"footnotes":"","_links_to":"","_links_to_target":""},"_links":{"self":[{"href":"https:\/\/utcal.com.br\/novo\/wp-json\/wp\/v2\/pages\/2741"}],"collection":[{"href":"https:\/\/utcal.com.br\/novo\/wp-json\/wp\/v2\/pages"}],"about":[{"href":"https:\/\/utcal.com.br\/novo\/wp-json\/wp\/v2\/types\/page"}],"author":[{"embeddable":true,"href":"https:\/\/utcal.com.br\/novo\/wp-json\/wp\/v2\/users\/1"}],"replies":[{"embeddable":true,"href":"https:\/\/utcal.com.br\/novo\/wp-json\/wp\/v2\/comments?post=2741"}],"version-history":[{"count":2,"href":"https:\/\/utcal.com.br\/novo\/wp-json\/wp\/v2\/pages\/2741\/revisions"}],"predecessor-version":[{"id":2743,"href":"https:\/\/utcal.com.br\/novo\/wp-json\/wp\/v2\/pages\/2741\/revisions\/2743"}],"wp:attachment":[{"href":"https:\/\/utcal.com.br\/novo\/wp-json\/wp\/v2\/media?parent=2741"}],"curies":[{"name":"wp","href":"https:\/\/api.w.org\/{rel}","templated":true}]}}